{"id":1332,"date":"2025-06-19T23:13:29","date_gmt":"2025-06-19T23:13:29","guid":{"rendered":"https:\/\/honeydowizard.com\/mecanico-movil\/"},"modified":"2026-02-11T20:43:45","modified_gmt":"2026-02-11T20:43:45","slug":"mecanico-movil","status":"publish","type":"page","link":"https:\/\/honeydowizard.com\/es\/mecanico-movil\/","title":{"rendered":"Mec\u00e1nico m\u00f3vil"},"content":{"rendered":"\t\t<div data-elementor-type=\"wp-page\" data-elementor-id=\"1332\" class=\"elementor elementor-1332 elementor-1319\" data-elementor-post-type=\"page\">\n\t\t\t\t<div data-particle_enable=\"false\" data-particle-mobile-disabled=\"false\" class=\"elementor-element elementor-element-f41e4ed e-flex e-con-boxed e-con e-parent\" data-id=\"f41e4ed\" data-element_type=\"container\" data-e-type=\"container\" data-settings=\"{&quot;ekit_has_onepagescroll_dot&quot;:&quot;yes&quot;}\">\n\t\t\t\t\t<div class=\"e-con-inner\">\n\t\t\t\t<div class=\"elementor-element elementor-element-e309047 elementor-widget elementor-widget-heading\" data-id=\"e309047\" data-element_type=\"widget\" data-e-type=\"widget\" data-settings=\"{&quot;ekit_we_effect_on&quot;:&quot;none&quot;}\" data-widget_type=\"heading.default\">\n\t\t\t\t<div class=\"elementor-widget-container\">\n\t\t\t\t\t<h2 class=\"elementor-heading-title elementor-size-default\">Mec\u00e1nico m\u00f3vil fiable en Pembroke Pines, FL y zonas cercanas\n<\/h2>\t\t\t\t<\/div>\n\t\t\t\t<\/div>\n\t\t\t\t\t<\/div>\n\t\t\t\t<\/div>\n\t\t<div data-particle_enable=\"false\" data-particle-mobile-disabled=\"false\" class=\"elementor-element elementor-element-be2dc6f e-flex e-con-boxed e-con e-parent\" data-id=\"be2dc6f\" data-element_type=\"container\" data-e-type=\"container\" data-settings=\"{&quot;ekit_has_onepagescroll_dot&quot;:&quot;yes&quot;}\">\n\t\t\t\t\t<div class=\"e-con-inner\">\n\t\t\t\t<div class=\"elementor-element elementor-element-ff18716 elementor-align-justify elementor-widget elementor-widget-global elementor-global-1706 elementor-global-1703 elementor-widget-button\" data-id=\"ff18716\" data-element_type=\"widget\" data-e-type=\"widget\" data-settings=\"{&quot;ekit_we_effect_on&quot;:&quot;none&quot;}\" data-widget_type=\"button.default\">\n\t\t\t\t<div class=\"elementor-widget-container\">\n\t\t\t\t\t\t\t\t\t<div class=\"elementor-button-wrapper\">\n\t\t\t\t\t<a class=\"elementor-button elementor-button-link elementor-size-sm\" href=\"https:\/\/honeydowizard.com\/contact-form\/\" id=\"contact form \">\n\t\t\t\t\t\t<span class=\"elementor-button-content-wrapper\">\n\t\t\t\t\t\t\t\t\t<span class=\"elementor-button-text\">Contacta para un presupuesto gratuito<\/span>\n\t\t\t\t\t<\/span>\n\t\t\t\t\t<\/a>\n\t\t\t\t<\/div>\n\t\t\t\t\t\t\t\t<\/div>\n\t\t\t\t<\/div>\n\t\t\t\t\t<\/div>\n\t\t\t\t<\/div>\n\t\t<div data-particle_enable=\"false\" data-particle-mobile-disabled=\"false\" class=\"elementor-element elementor-element-7c00a72 e-flex e-con-boxed e-con e-parent\" data-id=\"7c00a72\" data-element_type=\"container\" data-e-type=\"container\" data-settings=\"{&quot;ekit_has_onepagescroll_dot&quot;:&quot;yes&quot;}\">\n\t\t\t\t\t<div class=\"e-con-inner\">\n\t\t\t\t<div class=\"elementor-element elementor-element-3e6c855 elementor-widget elementor-widget-heading\" data-id=\"3e6c855\" data-element_type=\"widget\" data-e-type=\"widget\" data-settings=\"{&quot;ekit_we_effect_on&quot;:&quot;none&quot;}\" data-widget_type=\"heading.default\">\n\t\t\t\t<div class=\"elementor-widget-container\">\n\t\t\t\t\t<h3 class=\"elementor-heading-title elementor-size-default\">Reparaci\u00f3n in situ | Servicio r\u00e1pido, asequible y profesional<\/h3>\t\t\t\t<\/div>\n\t\t\t\t<\/div>\n\t\t\t\t\t<\/div>\n\t\t\t\t<\/div>\n\t\t<div data-particle_enable=\"false\" data-particle-mobile-disabled=\"false\" class=\"elementor-element elementor-element-e6f253f e-flex e-con-boxed e-con e-parent\" data-id=\"e6f253f\" data-element_type=\"container\" data-e-type=\"container\" data-settings=\"{&quot;ekit_has_onepagescroll_dot&quot;:&quot;yes&quot;}\">\n\t\t\t\t\t<div class=\"e-con-inner\">\n\t\t\t\t<div class=\"elementor-element elementor-element-00b9ec4 elementor-widget elementor-widget-text-editor\" data-id=\"00b9ec4\" data-element_type=\"widget\" data-e-type=\"widget\" data-settings=\"{&quot;ekit_we_effect_on&quot;:&quot;none&quot;}\" data-widget_type=\"text-editor.default\">\n\t\t\t\t<div class=\"elementor-widget-container\">\n\t\t\t\t\t\t\t\t\t<p data-start=\"295\" data-end=\"621\">\u00bfBuscas un <strong data-start=\"317\" data-end=\"363\">mec\u00e1nico m\u00f3vil<\/strong> de confianza <strong data-start=\"317\" data-end=\"363\">en Pembroke Pines, Florida<\/strong>? \u00a1Llevo el taller hasta ti! Tanto si est\u00e1s en casa, en el trabajo o atascado en la carretera, ofrezco <strong data-start=\"497\" data-end=\"521\">reparaciones in situ<\/strong> fiables y c\u00f3modas en todo Pembroke Pines y zonas cercanas como Miramar, Davie, Weston, Cooper City y Hollywood. <\/p><p data-start=\"623\" data-end=\"756\">Soy especialista en <strong data-start=\"661\" data-end=\"682\">peque\u00f1as reparaciones de coches<\/strong> r\u00e1pidas y asequibles para que tu veh\u00edculo funcione sin problemas y con seguridad. Nuestros servicios incluyen:<\/p><ul data-start=\"757\" data-end=\"986\"><li data-start=\"757\" data-end=\"792\"><p data-start=\"759\" data-end=\"792\"><strong data-start=\"759\" data-end=\"790\">Sustituci\u00f3n de pastillas y discos de freno<\/strong><\/p><\/li><li data-start=\"793\" data-end=\"830\"><p data-start=\"795\" data-end=\"830\"><strong data-start=\"795\" data-end=\"828\">Comprobaci\u00f3n y sustituci\u00f3n de bater\u00edas<\/strong><\/p><\/li><li data-start=\"831\" data-end=\"863\"><p data-start=\"833\" data-end=\"863\"><strong data-start=\"833\" data-end=\"861\">Instalaci\u00f3n de escobillas limpiaparabrisas<\/strong><\/p><\/li><li data-start=\"864\" data-end=\"904\"><p data-start=\"866\" data-end=\"904\"><strong data-start=\"866\" data-end=\"902\">Cambios de aceite y sustituci\u00f3n de filtros<\/strong><\/p><\/li><li data-start=\"905\" data-end=\"937\"><p data-start=\"907\" data-end=\"937\"><strong data-start=\"907\" data-end=\"935\">Diagn\u00f3stico del motor<\/strong><\/p><\/li><li data-start=\"938\" data-end=\"969\"><p data-start=\"940\" data-end=\"969\"><strong data-start=\"940\" data-end=\"967\">Inspecciones y sustituci\u00f3n de correas y mangueras<\/strong><\/p><\/li><li data-start=\"970\" data-end=\"986\"><p data-start=\"972\" data-end=\"986\"><strong>Sustituci\u00f3n de faros y mucho m\u00e1s<\/strong><\/p><\/li><\/ul><p data-start=\"988\" data-end=\"1195\">Di adi\u00f3s a las largas esperas en el taller y disfruta de tranquilidad con nuestros <strong data-start=\"1059\" data-end=\"1090\">servicios m\u00f3viles de reparaci\u00f3n de autom\u00f3viles<\/strong>. Venimos totalmente equipados y listos para realizar la mayor\u00eda de las reparaciones in situ, lo que te ahorrar\u00e1 tiempo, dinero y molestias. <a href=\"https:\/\/honeydowizard.com\/contact-us\/\">Llama<\/a> hoy mismo a Honey Do Wizard.  <\/p>\t\t\t\t\t\t\t\t<\/div>\n\t\t\t\t<\/div>\n\t\t\t\t\t<\/div>\n\t\t\t\t<\/div>\n\t\t<div data-particle_enable=\"false\" data-particle-mobile-disabled=\"false\" class=\"elementor-element elementor-element-624f25c e-flex e-con-boxed e-con e-parent\" data-id=\"624f25c\" data-element_type=\"container\" data-e-type=\"container\" data-settings=\"{&quot;ekit_has_onepagescroll_dot&quot;:&quot;yes&quot;}\">\n\t\t\t\t\t<div class=\"e-con-inner\">\n\t\t\t\t<div class=\"elementor-element elementor-element-9fbfc49 elementor-widget elementor-widget-text-editor\" data-id=\"9fbfc49\" data-element_type=\"widget\" data-e-type=\"widget\" data-settings=\"{&quot;ekit_we_effect_on&quot;:&quot;none&quot;}\" data-widget_type=\"text-editor.default\">\n\t\t\t\t<div class=\"elementor-widget-container\">\n\t\t\t\t\t\t\t\t\t<h4 data-start=\"1197\" data-end=\"1340\"> <strong data-start=\"1200\" data-end=\"1247\">\ud83d\udccd Al servicio de Pembroke Pines y ciudades circundantes<\/strong><br data-start=\"1247\" data-end=\"1250\"> \ud83d\udd52 <strong data-start=\"1253\" data-end=\"1291\">Horario flexible, respuesta r\u00e1pida<\/strong><br data-start=\"1291\" data-end=\"1294\"> \ud83d\udd27<strong data-start=\"1297\" data-end=\"1340\"> Servicio personal, honesto y amable<\/strong><\/h4><p data-start=\"1342\" data-end=\"1465\">Ponte en contacto conmigo hoy mismo para programar tu reparaci\u00f3n m\u00f3vil u obtener un presupuesto gratuito. Estoy aqu\u00ed para mantenerte en la carretera, \u00a1sin el estr\u00e9s! <\/p>\t\t\t\t\t\t\t\t<\/div>\n\t\t\t\t<\/div>\n\t\t\t\t\t<\/div>\n\t\t\t\t<\/div>\n\t\t<div data-particle_enable=\"false\" data-particle-mobile-disabled=\"false\" class=\"elementor-element elementor-element-e219a4f e-flex e-con-boxed e-con e-parent\" data-id=\"e219a4f\" data-element_type=\"container\" data-e-type=\"container\" data-settings=\"{&quot;ekit_has_onepagescroll_dot&quot;:&quot;yes&quot;}\">\n\t\t\t\t\t<div class=\"e-con-inner\">\n\t\t\t\t<div class=\"elementor-element elementor-element-5413823 elementor-align-justify elementor-widget elementor-widget-global elementor-global-1706 elementor-global-1703 elementor-widget-button\" data-id=\"5413823\" data-element_type=\"widget\" data-e-type=\"widget\" data-settings=\"{&quot;ekit_we_effect_on&quot;:&quot;none&quot;}\" data-widget_type=\"button.default\">\n\t\t\t\t<div class=\"elementor-widget-container\">\n\t\t\t\t\t\t\t\t\t<div class=\"elementor-button-wrapper\">\n\t\t\t\t\t<a class=\"elementor-button elementor-button-link elementor-size-sm\" href=\"https:\/\/honeydowizard.com\/contact-form\/\" id=\"contact form \">\n\t\t\t\t\t\t<span class=\"elementor-button-content-wrapper\">\n\t\t\t\t\t\t\t\t\t<span class=\"elementor-button-text\">Contacta para un presupuesto gratuito<\/span>\n\t\t\t\t\t<\/span>\n\t\t\t\t\t<\/a>\n\t\t\t\t<\/div>\n\t\t\t\t\t\t\t\t<\/div>\n\t\t\t\t<\/div>\n\t\t\t\t\t<\/div>\n\t\t\t\t<\/div>\n\t\t\t\t<\/div>\n\t\t","protected":false},"excerpt":{"rendered":"<p>\u00bfBuscas un mec\u00e1nico m\u00f3vil de confianza en Pembroke Pines, Florida? \u00a1Llevamos el taller hasta ti! Si est\u00e1s en casa, en el trabajo o atascado en la carretera, nuestro experimentado equipo ofrece reparaciones de autom\u00f3viles in situ fiables y c\u00f3modas en todo Pembroke Pines y zonas cercanas como Miramar, Davie, Weston, Cooper City y Hollywood.  <\/p>\n<p>Estamos especializados en peque\u00f1as reparaciones de coches r\u00e1pidas y asequibles para que tu veh\u00edculo funcione sin problemas y con seguridad. Nuestros servicios incluyen: <\/p>\n<p>  Sustituci\u00f3n y reparaci\u00f3n de frenos<\/p>\n<p>  Comprobaci\u00f3n y sustituci\u00f3n de bater\u00edas<\/p>\n<p>  Instalaci\u00f3n de escobillas limpiaparabrisas<\/p>\n<p>  Cambios de aceite y sustituci\u00f3n de filtros<\/p>\n<p>  Diagn\u00f3stico del motor<\/p>\n<p>  Inspecciones de correas y mangueras<\/p>\n<p>  Y mucho m\u00e1s.<\/p>\n","protected":false},"author":3,"featured_media":0,"parent":0,"menu_order":0,"comment_status":"closed","ping_status":"closed","template":"","meta":{"footnotes":""},"class_list":["post-1332","page","type-page","status-publish","hentry"],"yoast_head":"<!-- This site is optimized with the Yoast SEO Premium plugin v27.4 (Yoast SEO v27.4) - https:\/\/yoast.com\/product\/yoast-seo-premium-wordpress\/ -->\n<title>Mago Honey Do<\/title>\n<meta name=\"description\" content=\"Honest Handyman in Pembroke pines servicing all nearby cities. Davie, Plantation, Hollywood, Fort Lauderdale and Boca Raton. Honey Do List !\" \/>\n<meta name=\"robots\" content=\"index, follow, max-snippet:-1, max-image-preview:large, max-video-preview:-1\" \/>\n<link rel=\"canonical\" href=\"https:\/\/honeydowizard.com\/es\/mecanico-movil\/\" \/>\n<meta property=\"og:locale\" content=\"es_ES\" \/>\n<meta property=\"og:type\" content=\"article\" \/>\n<meta property=\"og:title\" content=\"Mec\u00e1nico m\u00f3vil | Your Honey Do List, Done By a Wizard!\" \/>\n<meta property=\"og:description\" content=\"\u00bfBuscas un mec\u00e1nico m\u00f3vil de confianza en Pembroke Pines, Florida? Te acercamos la tienda Tanto si est\u00e1s en casa, en el trabajo o atascado en la carretera, nuestro experimentado equipo ofrece reparaciones de autom\u00f3viles in situ fiables y c\u00f3modas en todo Pembroke Pines y zonas cercanas como Miramar, Davie, Weston, Cooper City y Hollywood.Estamos especializados en peque\u00f1as reparaciones de autom\u00f3viles r\u00e1pidas y asequibles para que tu veh\u00edculo siga funcionando sin problemas y de forma segura. Nuestros servicios incluyen: Sustituci\u00f3n y reparaci\u00f3n de frenos Comprobaci\u00f3n y sustituci\u00f3n de bater\u00edas Instalaci\u00f3n de escobillas limpiaparabrisas Cambio de aceite y sustituci\u00f3n de filtros Diagn\u00f3stico del motor Inspecci\u00f3n de correas y mangueras \u00a1Y mucho m\u00e1s!\" \/>\n<meta property=\"og:url\" content=\"https:\/\/honeydowizard.com\/es\/mecanico-movil\/\" \/>\n<meta property=\"og:site_name\" content=\"Your Honey Do List, Done By a Wizard!\" \/>\n<meta property=\"article:publisher\" content=\"https:\/\/www.facebook.com\/profile.php?id=61568696742964\" \/>\n<meta property=\"article:modified_time\" content=\"2026-02-11T20:43:45+00:00\" \/>\n<meta property=\"og:image\" content=\"http:\/\/honeydowizard.com\/wp-content\/uploads\/2025\/03\/1-300x300.png\" \/>\n<meta name=\"twitter:card\" content=\"summary_large_image\" \/>\n<meta name=\"twitter:label1\" content=\"Tiempo de lectura\" \/>\n\t<meta name=\"twitter:data1\" content=\"1 minuto\" \/>\n<script type=\"application\/ld+json\" class=\"yoast-schema-graph\">{\"@context\":\"https:\\\/\\\/schema.org\",\"@graph\":[{\"@type\":\"WebPage\",\"@id\":\"https:\\\/\\\/honeydowizard.com\\\/es\\\/mecanico-movil\\\/\",\"url\":\"https:\\\/\\\/honeydowizard.com\\\/es\\\/mecanico-movil\\\/\",\"name\":\"Mago Honey Do\",\"isPartOf\":{\"@id\":\"https:\\\/\\\/honeydowizard.com\\\/es\\\/#website\"},\"datePublished\":\"2025-06-19T23:13:29+00:00\",\"dateModified\":\"2026-02-11T20:43:45+00:00\",\"description\":\"Honest Handyman in Pembroke pines servicing all nearby cities. Davie, Plantation, Hollywood, Fort Lauderdale and Boca Raton. Honey Do List !\",\"breadcrumb\":{\"@id\":\"https:\\\/\\\/honeydowizard.com\\\/es\\\/mecanico-movil\\\/#breadcrumb\"},\"inLanguage\":\"es\",\"potentialAction\":[{\"@type\":\"ReadAction\",\"target\":[\"https:\\\/\\\/honeydowizard.com\\\/es\\\/mecanico-movil\\\/\"]}]},{\"@type\":\"BreadcrumbList\",\"@id\":\"https:\\\/\\\/honeydowizard.com\\\/es\\\/mecanico-movil\\\/#breadcrumb\",\"itemListElement\":[{\"@type\":\"ListItem\",\"position\":1,\"name\":\"Home\",\"item\":\"https:\\\/\\\/honeydowizard.com\\\/es\\\/inicio\\\/\"},{\"@type\":\"ListItem\",\"position\":2,\"name\":\"Mec\u00e1nico m\u00f3vil\"}]},{\"@type\":\"WebSite\",\"@id\":\"https:\\\/\\\/honeydowizard.com\\\/es\\\/#website\",\"url\":\"https:\\\/\\\/honeydowizard.com\\\/es\\\/\",\"name\":\"Honest Handyman and Pressure Washing in Broward County Fla\",\"description\":\"Handyman Services |  Broward County, FL | Pressure Washing\",\"publisher\":{\"@id\":\"https:\\\/\\\/honeydowizard.com\\\/es\\\/#organization\"},\"alternateName\":\"Honey Do Wizard\",\"potentialAction\":[{\"@type\":\"SearchAction\",\"target\":{\"@type\":\"EntryPoint\",\"urlTemplate\":\"https:\\\/\\\/honeydowizard.com\\\/es\\\/?s={search_term_string}\"},\"query-input\":{\"@type\":\"PropertyValueSpecification\",\"valueRequired\":true,\"valueName\":\"search_term_string\"}}],\"inLanguage\":\"es\"},{\"@type\":\"Organization\",\"@id\":\"https:\\\/\\\/honeydowizard.com\\\/es\\\/#organization\",\"name\":\"Mago Honey Do\",\"alternateName\":\"Mago Honey Do\",\"url\":\"https:\\\/\\\/honeydowizard.com\\\/es\\\/\",\"logo\":{\"@type\":\"ImageObject\",\"inLanguage\":\"es\",\"@id\":\"https:\\\/\\\/honeydowizard.com\\\/es\\\/#\\\/schema\\\/logo\\\/image\\\/\",\"url\":\"https:\\\/\\\/honeydowizard.com\\\/wp-content\\\/uploads\\\/2025\\\/03\\\/Honey-Do-Wizard-Handyman-logo.png\",\"contentUrl\":\"https:\\\/\\\/honeydowizard.com\\\/wp-content\\\/uploads\\\/2025\\\/03\\\/Honey-Do-Wizard-Handyman-logo.png\",\"width\":1000,\"height\":914,\"caption\":\"Mago Honey Do\"},\"image\":{\"@id\":\"https:\\\/\\\/honeydowizard.com\\\/es\\\/#\\\/schema\\\/logo\\\/image\\\/\"},\"sameAs\":[\"https:\\\/\\\/www.facebook.com\\\/profile.php?id=61568696742964\",\"https:\\\/\\\/www.instagram.com\\\/HONEYDOWIZARD\"],\"description\":\"Handyman services and pressure washing service in Pembroke pines, Hollywood, Plantation, Weston, Boca Raton and all nearby cities in broward county and dade county.\",\"email\":\"info@honeydowizard.com\",\"telephone\":\"954-372-5135\",\"legalName\":\"Honey Do Wizard LLC\",\"foundingDate\":\"2025-02-01\",\"numberOfEmployees\":{\"@type\":\"QuantitativeValue\",\"minValue\":\"1\",\"maxValue\":\"10\"}}]}<\/script>\n<!-- \/ Yoast SEO Premium plugin. -->","yoast_head_json":{"title":"Mago Honey Do","description":"Honest Handyman in Pembroke pines servicing all nearby cities. Davie, Plantation, Hollywood, Fort Lauderdale and Boca Raton. Honey Do List !","robots":{"index":"index","follow":"follow","max-snippet":"max-snippet:-1","max-image-preview":"max-image-preview:large","max-video-preview":"max-video-preview:-1"},"canonical":"https:\/\/honeydowizard.com\/es\/mecanico-movil\/","og_locale":"es_ES","og_type":"article","og_title":"Mec\u00e1nico m\u00f3vil | Your Honey Do List, Done By a Wizard!","og_description":"\u00bfBuscas un mec\u00e1nico m\u00f3vil de confianza en Pembroke Pines, Florida? Te acercamos la tienda Tanto si est\u00e1s en casa, en el trabajo o atascado en la carretera, nuestro experimentado equipo ofrece reparaciones de autom\u00f3viles in situ fiables y c\u00f3modas en todo Pembroke Pines y zonas cercanas como Miramar, Davie, Weston, Cooper City y Hollywood.Estamos especializados en peque\u00f1as reparaciones de autom\u00f3viles r\u00e1pidas y asequibles para que tu veh\u00edculo siga funcionando sin problemas y de forma segura. Nuestros servicios incluyen: Sustituci\u00f3n y reparaci\u00f3n de frenos Comprobaci\u00f3n y sustituci\u00f3n de bater\u00edas Instalaci\u00f3n de escobillas limpiaparabrisas Cambio de aceite y sustituci\u00f3n de filtros Diagn\u00f3stico del motor Inspecci\u00f3n de correas y mangueras \u00a1Y mucho m\u00e1s!","og_url":"https:\/\/honeydowizard.com\/es\/mecanico-movil\/","og_site_name":"Your Honey Do List, Done By a Wizard!","article_publisher":"https:\/\/www.facebook.com\/profile.php?id=61568696742964","article_modified_time":"2026-02-11T20:43:45+00:00","og_image":[{"url":"http:\/\/honeydowizard.com\/wp-content\/uploads\/2025\/03\/1-300x300.png","type":"","width":"","height":""}],"twitter_card":"summary_large_image","twitter_misc":{"Tiempo de lectura":"1 minuto"},"schema":{"@context":"https:\/\/schema.org","@graph":[{"@type":"WebPage","@id":"https:\/\/honeydowizard.com\/es\/mecanico-movil\/","url":"https:\/\/honeydowizard.com\/es\/mecanico-movil\/","name":"Mago Honey Do","isPartOf":{"@id":"https:\/\/honeydowizard.com\/es\/#website"},"datePublished":"2025-06-19T23:13:29+00:00","dateModified":"2026-02-11T20:43:45+00:00","description":"Honest Handyman in Pembroke pines servicing all nearby cities. Davie, Plantation, Hollywood, Fort Lauderdale and Boca Raton. Honey Do List !","breadcrumb":{"@id":"https:\/\/honeydowizard.com\/es\/mecanico-movil\/#breadcrumb"},"inLanguage":"es","potentialAction":[{"@type":"ReadAction","target":["https:\/\/honeydowizard.com\/es\/mecanico-movil\/"]}]},{"@type":"BreadcrumbList","@id":"https:\/\/honeydowizard.com\/es\/mecanico-movil\/#breadcrumb","itemListElement":[{"@type":"ListItem","position":1,"name":"Home","item":"https:\/\/honeydowizard.com\/es\/inicio\/"},{"@type":"ListItem","position":2,"name":"Mec\u00e1nico m\u00f3vil"}]},{"@type":"WebSite","@id":"https:\/\/honeydowizard.com\/es\/#website","url":"https:\/\/honeydowizard.com\/es\/","name":"Honest Handyman and Pressure Washing in Broward County Fla","description":"Handyman Services |  Broward County, FL | Pressure Washing","publisher":{"@id":"https:\/\/honeydowizard.com\/es\/#organization"},"alternateName":"Honey Do Wizard","potentialAction":[{"@type":"SearchAction","target":{"@type":"EntryPoint","urlTemplate":"https:\/\/honeydowizard.com\/es\/?s={search_term_string}"},"query-input":{"@type":"PropertyValueSpecification","valueRequired":true,"valueName":"search_term_string"}}],"inLanguage":"es"},{"@type":"Organization","@id":"https:\/\/honeydowizard.com\/es\/#organization","name":"Mago Honey Do","alternateName":"Mago Honey Do","url":"https:\/\/honeydowizard.com\/es\/","logo":{"@type":"ImageObject","inLanguage":"es","@id":"https:\/\/honeydowizard.com\/es\/#\/schema\/logo\/image\/","url":"https:\/\/honeydowizard.com\/wp-content\/uploads\/2025\/03\/Honey-Do-Wizard-Handyman-logo.png","contentUrl":"https:\/\/honeydowizard.com\/wp-content\/uploads\/2025\/03\/Honey-Do-Wizard-Handyman-logo.png","width":1000,"height":914,"caption":"Mago Honey Do"},"image":{"@id":"https:\/\/honeydowizard.com\/es\/#\/schema\/logo\/image\/"},"sameAs":["https:\/\/www.facebook.com\/profile.php?id=61568696742964","https:\/\/www.instagram.com\/HONEYDOWIZARD"],"description":"Handyman services and pressure washing service in Pembroke pines, Hollywood, Plantation, Weston, Boca Raton and all nearby cities in broward county and dade county.","email":"info@honeydowizard.com","telephone":"954-372-5135","legalName":"Honey Do Wizard LLC","foundingDate":"2025-02-01","numberOfEmployees":{"@type":"QuantitativeValue","minValue":"1","maxValue":"10"}}]}},"_links":{"self":[{"href":"https:\/\/honeydowizard.com\/es\/wp-json\/wp\/v2\/pages\/1332","targetHints":{"allow":["GET"]}}],"collection":[{"href":"https:\/\/honeydowizard.com\/es\/wp-json\/wp\/v2\/pages"}],"about":[{"href":"https:\/\/honeydowizard.com\/es\/wp-json\/wp\/v2\/types\/page"}],"author":[{"embeddable":true,"href":"https:\/\/honeydowizard.com\/es\/wp-json\/wp\/v2\/users\/3"}],"replies":[{"embeddable":true,"href":"https:\/\/honeydowizard.com\/es\/wp-json\/wp\/v2\/comments?post=1332"}],"version-history":[{"count":7,"href":"https:\/\/honeydowizard.com\/es\/wp-json\/wp\/v2\/pages\/1332\/revisions"}],"predecessor-version":[{"id":1843,"href":"https:\/\/honeydowizard.com\/es\/wp-json\/wp\/v2\/pages\/1332\/revisions\/1843"}],"wp:attachment":[{"href":"https:\/\/honeydowizard.com\/es\/wp-json\/wp\/v2\/media?parent=1332"}],"curies":[{"name":"wp","href":"https:\/\/api.w.org\/{rel}","templated":true}]}}